{"id":53,"date":"2008-11-20T16:03:05","date_gmt":"2008-11-20T15:03:05","guid":{"rendered":"http:\/\/77.37.12.251\/apache2-default\/poweleit\/?page_id=53"},"modified":"2016-01-05T13:26:54","modified_gmt":"2016-01-05T12:26:54","slug":"projekte","status":"publish","type":"page","link":"https:\/\/www.poweleit.eu\/?page_id=53","title":{"rendered":"Projekte aktuell"},"content":{"rendered":"<p>Qualifizierter Betondeckenbau bei Logistikfl\u00e4chen<\/p>\n<p>Schadensf\u00e4lle im Stra\u00dfenbau und deren Vermeidung<\/p>\n<p>Einwirkung von Bauersch\u00fctterungen auf Bauwerke<\/p>\n","protected":false},"excerpt":{"rendered":"<p>Qualifizierter Betondeckenbau bei Logistikfl\u00e4chen Schadensf\u00e4lle im Stra\u00dfenbau und deren Vermeidung Einwirkung von Bauersch\u00fctterungen auf Bauwerke<\/p>\n","protected":false},"author":1,"featured_media":0,"parent":147,"menu_order":2,"comment_status":"closed","ping_status":"open","template":"","meta":{"footnotes":""},"class_list":["post-53","page","type-page","status-publish","hentry"],"jetpack_sharing_enabled":true,"_links":{"self":[{"href":"https:\/\/www.poweleit.eu\/index.php?rest_route=\/wp\/v2\/pages\/53","targetHints":{"allow":["GET"]}}],"collection":[{"href":"https:\/\/www.poweleit.eu\/index.php?rest_route=\/wp\/v2\/pages"}],"about":[{"href":"https:\/\/www.poweleit.eu\/index.php?rest_route=\/wp\/v2\/types\/page"}],"author":[{"embeddable":true,"href":"https:\/\/www.poweleit.eu\/index.php?rest_route=\/wp\/v2\/users\/1"}],"replies":[{"embeddable":true,"href":"https:\/\/www.poweleit.eu\/index.php?rest_route=%2Fwp%2Fv2%2Fcomments&post=53"}],"version-history":[{"count":11,"href":"https:\/\/www.poweleit.eu\/index.php?rest_route=\/wp\/v2\/pages\/53\/revisions"}],"predecessor-version":[{"id":1291,"href":"https:\/\/www.poweleit.eu\/index.php?rest_route=\/wp\/v2\/pages\/53\/revisions\/1291"}],"up":[{"embeddable":true,"href":"https:\/\/www.poweleit.eu\/index.php?rest_route=\/wp\/v2\/pages\/147"}],"wp:attachment":[{"href":"https:\/\/www.poweleit.eu\/index.php?rest_route=%2Fwp%2Fv2%2Fmedia&parent=53"}],"curies":[{"name":"wp","href":"https:\/\/api.w.org\/{rel}","templated":true}]}}