{"id":15,"date":"2008-11-19T14:30:47","date_gmt":"2008-11-19T13:30:47","guid":{"rendered":"http:\/\/77.37.12.251\/apache2-default\/poweleit\/?page_id=15"},"modified":"2025-04-23T08:07:29","modified_gmt":"2025-04-23T07:07:29","slug":"seite-3","status":"publish","type":"page","link":"https:\/\/www.poweleit.eu\/?page_id=15","title":{"rendered":"Lehre"},"content":{"rendered":"<p><strong>Ich bin in beruflicher Winterzeit. Zuletzt an der h_da habe ich folgende F\u00e4cher vertreten:<\/strong><\/p>\n<table border=\"0\" width=\"100%\">\n<tbody>\n<tr>\n<td style=\"text-align: center;\" valign=\"top\" width=\"380\"><strong>Bachelor<\/strong><\/p>\n<ul style=\"text-align: left;\">\n<li>Baubetrieb C (Bauverfahren)<\/li>\n<li>Verkehrswesen 3 (Stra\u00dfenbau)<\/li>\n<li>Sicherheitstechnik<\/li>\n<li>Stra\u00dfenbaulabor<\/li>\n<li>VIA VINUM<\/li>\n<li>Geod\u00e4sie<\/li>\n<\/ul>\n<\/td>\n<td style=\"text-align: center;\" valign=\"top\" width=\"380\"><strong>Master<\/strong><\/p>\n<ul style=\"text-align: left;\">\n<li>Infrastruktur und Erhaltung<\/li>\n<li>Stra\u00dfenbautechnik (Vertiefung) +\u00a0\u00a0\u00a0\u00a0 Bauwerke<\/li>\n<li>Kommunaler Tiefbau +\u00a0 \u00a0 \u00a0\u00a0 \u00a0 \u00a0 \u00a0 \u00a0\u00a0 \u00a0 \u00a0 \u00a0\u00a0\u00a0\u00a0 Verkehrssicherung<\/li>\n<li>Bauen im Bestand<\/li>\n<li>myCompany.hda<\/li>\n<li>Finanzierung von Infrastrukturprojekten (PPP)<\/li>\n<\/ul>\n<\/td>\n<\/tr>\n<\/tbody>\n<\/table>\n","protected":false},"excerpt":{"rendered":"<p>Ich bin in beruflicher Winterzeit. Zuletzt an der h_da habe ich folgende F\u00e4cher vertreten: Bachelor Baubetrieb C (Bauverfahren) Verkehrswesen 3 (Stra\u00dfenbau) Sicherheitstechnik Stra\u00dfenbaulabor VIA VINUM Geod\u00e4sie Master Infrastruktur und Erhaltung Stra\u00dfenbautechnik (Vertiefung) +\u00a0\u00a0\u00a0\u00a0 Bauwerke Kommunaler Tiefbau +\u00a0 \u00a0 \u00a0\u00a0 \u00a0 \u00a0 \u00a0 \u00a0\u00a0 \u00a0 \u00a0 \u00a0\u00a0\u00a0\u00a0 Verkehrssicherung Bauen im Bestand myCompany.hda Finanzierung von Infrastrukturprojekten (PPP)<\/p>\n","protected":false},"author":1,"featured_media":0,"parent":0,"menu_order":1,"comment_status":"closed","ping_status":"open","template":"","meta":{"footnotes":""},"class_list":["post-15","page","type-page","status-publish","hentry"],"jetpack_sharing_enabled":true,"_links":{"self":[{"href":"https:\/\/www.poweleit.eu\/index.php?rest_route=\/wp\/v2\/pages\/15","targetHints":{"allow":["GET"]}}],"collection":[{"href":"https:\/\/www.poweleit.eu\/index.php?rest_route=\/wp\/v2\/pages"}],"about":[{"href":"https:\/\/www.poweleit.eu\/index.php?rest_route=\/wp\/v2\/types\/page"}],"author":[{"embeddable":true,"href":"https:\/\/www.poweleit.eu\/index.php?rest_route=\/wp\/v2\/users\/1"}],"replies":[{"embeddable":true,"href":"https:\/\/www.poweleit.eu\/index.php?rest_route=%2Fwp%2Fv2%2Fcomments&post=15"}],"version-history":[{"count":40,"href":"https:\/\/www.poweleit.eu\/index.php?rest_route=\/wp\/v2\/pages\/15\/revisions"}],"predecessor-version":[{"id":1306,"href":"https:\/\/www.poweleit.eu\/index.php?rest_route=\/wp\/v2\/pages\/15\/revisions\/1306"}],"wp:attachment":[{"href":"https:\/\/www.poweleit.eu\/index.php?rest_route=%2Fwp%2Fv2%2Fmedia&parent=15"}],"curies":[{"name":"wp","href":"https:\/\/api.w.org\/{rel}","templated":true}]}}