{"id":115,"date":"2009-07-25T11:23:24","date_gmt":"2009-07-25T10:23:24","guid":{"rendered":"http:\/\/www.poweleit.eu\/?page_id=115"},"modified":"2019-08-07T13:55:44","modified_gmt":"2019-08-07T12:55:44","slug":"sonstige-aktiviaten","status":"publish","type":"page","link":"https:\/\/www.poweleit.eu\/?page_id=115","title":{"rendered":"Sonstige Aktivi\u00e4ten"},"content":{"rendered":"<p class=\"MsoNormal\" style=\"margin: 0cm 0cm 0pt;\"><span style=\"font-family: Arial;\"><span style=\"font-size: normal;\">Partner in \u201eGutes Bauen in Hessen\u201c.<\/span><\/span><\/p>\n<p class=\"MsoNormal\" style=\"margin: 0cm 0cm 0pt;\"><span style=\"font-family: Arial;\"><span style=\"font-size: small;\">\u00a0<\/span><\/span><\/p>\n<p class=\"MsoNormal\" style=\"margin: 0cm 0cm 0pt;\"><span style=\"font-family: Arial;\"><span style=\"font-size: normal;\">Brudermeister der Weinbruderschaft Rheinhessen.<\/span><\/span><\/p>\n<p class=\"MsoNormal\" style=\"margin: 0cm 0cm 0pt;\"><span style=\"font-family: Arial;\"><span style=\"font-size: small;\">\u00a0<\/span><\/span><\/p>\n<p class=\"MsoNormal\" style=\"margin: 0cm 0cm 0pt;\"><span style=\"font-family: Arial;\"><span style=\"font-size: normal;\">Wir wollen die Knackpunkt aufzeigen. Rheinbr\u00fccke bei Nierstein \u2013 PPP \u2013 Studienprojekt f\u00fcr Darmst\u00e4dter Fachhochschulstudenten. <\/span><\/span><\/p>\n<p class=\"MsoNormal\" style=\"margin: 0cm 0cm 0pt;\"><span style=\"font-family: Arial;\"><span style=\"font-size: normal;\">Allgemeine Zeitung Mainz.<\/span><\/span><\/p>\n<p class=\"MsoNormal\" style=\"margin: 0cm 0cm 0pt;\"><span style=\"font-family: Arial;\"><span style=\"font-size: small;\">\u00a0<\/span><\/span><\/p>\n<p class=\"MsoNormal\" style=\"margin: 0cm 0cm 0pt;\"><span style=\"font-family: Arial;\"><span style=\"font-size: normal;\">Expertenanh\u00f6rung zur geplanten Rheinbr\u00fccke in Bingen-R\u00fcdesheim vor <\/span><\/span><span style=\"font-family: Arial;\"><span style=\"font-size: normal;\">dem Kreistag des Landkreises Mainz-Bingen.<\/span><\/span><\/p>\n<p class=\"MsoNormal\" style=\"margin: 0cm 0cm 0pt;\"><span style=\"font-family: Arial;\"><span style=\"font-size: small;\">\u00a0<\/span><\/span><\/p>\n<p class=\"MsoNormal\" style=\"margin: 0cm 0cm 0pt;\"><span style=\"font-family: Arial;\"><span style=\"font-size: normal;\">Br\u00fcckengipfel zur geplanten Rheinbr\u00fccke in Nierstein. PPP und Mautprojekt. <\/span><\/span><\/p>\n<p class=\"MsoNormal\" style=\"margin: 0cm 0cm 0pt;\"><span style=\"font-family: Arial;\"><span style=\"font-size: normal;\">Gemeinde Nierstein (12.01.2007).<\/span><\/span><\/p>\n","protected":false},"excerpt":{"rendered":"<p>Partner in \u201eGutes Bauen in Hessen\u201c. \u00a0 Brudermeister der Weinbruderschaft Rheinhessen. \u00a0 Wir wollen die Knackpunkt aufzeigen. Rheinbr\u00fccke bei Nierstein \u2013 PPP \u2013 Studienprojekt f\u00fcr Darmst\u00e4dter Fachhochschulstudenten. Allgemeine Zeitung Mainz. \u00a0 Expertenanh\u00f6rung zur geplanten Rheinbr\u00fccke in Bingen-R\u00fcdesheim vor dem Kreistag des Landkreises Mainz-Bingen. \u00a0 Br\u00fcckengipfel zur geplanten Rheinbr\u00fccke in Nierstein. PPP und Mautprojekt. Gemeinde Nierstein &hellip; <a href=\"https:\/\/www.poweleit.eu\/?page_id=115\" class=\"more-link\"><span class=\"screen-reader-text\">Sonstige Aktivi\u00e4ten<\/span> weiterlesen<\/a><\/p>\n","protected":false},"author":1,"featured_media":0,"parent":9,"menu_order":4,"comment_status":"closed","ping_status":"open","template":"","meta":{"footnotes":""},"class_list":["post-115","page","type-page","status-publish","hentry"],"jetpack_sharing_enabled":true,"_links":{"self":[{"href":"https:\/\/www.poweleit.eu\/index.php?rest_route=\/wp\/v2\/pages\/115","targetHints":{"allow":["GET"]}}],"collection":[{"href":"https:\/\/www.poweleit.eu\/index.php?rest_route=\/wp\/v2\/pages"}],"about":[{"href":"https:\/\/www.poweleit.eu\/index.php?rest_route=\/wp\/v2\/types\/page"}],"author":[{"embeddable":true,"href":"https:\/\/www.poweleit.eu\/index.php?rest_route=\/wp\/v2\/users\/1"}],"replies":[{"embeddable":true,"href":"https:\/\/www.poweleit.eu\/index.php?rest_route=%2Fwp%2Fv2%2Fcomments&post=115"}],"version-history":[{"count":12,"href":"https:\/\/www.poweleit.eu\/index.php?rest_route=\/wp\/v2\/pages\/115\/revisions"}],"predecessor-version":[{"id":1303,"href":"https:\/\/www.poweleit.eu\/index.php?rest_route=\/wp\/v2\/pages\/115\/revisions\/1303"}],"up":[{"embeddable":true,"href":"https:\/\/www.poweleit.eu\/index.php?rest_route=\/wp\/v2\/pages\/9"}],"wp:attachment":[{"href":"https:\/\/www.poweleit.eu\/index.php?rest_route=%2Fwp%2Fv2%2Fmedia&parent=115"}],"curies":[{"name":"wp","href":"https:\/\/api.w.org\/{rel}","templated":true}]}}